{"id":159258,"date":"2026-01-25T12:27:42","date_gmt":"2026-01-25T11:27:42","guid":{"rendered":"https:\/\/www.asiamannella.it\/?page_id=159258"},"modified":"2026-02-09T18:14:06","modified_gmt":"2026-02-09T17:14:06","slug":"159258-2","status":"publish","type":"page","link":"https:\/\/www.asiamannella.it\/","title":{"rendered":"Coming soon"},"content":{"rendered":"<div class=\"wpb-content-wrapper\"><p>[vc_row unlock_row_content=&#8221;yes&#8221; row_height_percent=&#8221;100&#8243; override_padding=&#8221;yes&#8221; h_padding=&#8221;0&#8243; top_padding=&#8221;0&#8243; bottom_padding=&#8221;0&#8243; back_color=&#8221;color-wayh&#8221; overlay_alpha=&#8221;50&#8243; equal_height=&#8221;yes&#8221; gutter_size=&#8221;3&#8243; column_width_percent=&#8221;100&#8243; shift_y=&#8221;0&#8243; z_index=&#8221;0&#8243;][vc_column column_width_percent=&#8221;100&#8243; gutter_size=&#8221;3&#8243; expand_height=&#8221;yes&#8221; style=&#8221;dark&#8221; overlay_alpha=&#8221;50&#8243; shift_x=&#8221;0&#8243; shift_y=&#8221;0&#8243; shift_y_down=&#8221;0&#8243; z_index=&#8221;0&#8243; medium_width=&#8221;0&#8243; mobile_width=&#8221;0&#8243; width=&#8221;1\/1&#8243; uncode_shortcode_id=&#8221;130732&#8243;][vc_row_inner row_inner_height_percent=&#8221;0&#8243; overlay_alpha=&#8221;50&#8243; equal_height=&#8221;yes&#8221; gutter_size=&#8221;0&#8243; shift_y=&#8221;0&#8243;][vc_column_inner column_width_percent=&#8221;100&#8243; gutter_size=&#8221;3&#8243; override_padding=&#8221;yes&#8221; column_padding=&#8221;0&#8243; expand_height=&#8221;yes&#8221; back_color=&#8221;color-wayh&#8221; back_image=&#8221;159218&#8243; overlay_alpha=&#8221;50&#8243; shift_x=&#8221;0&#8243; shift_y=&#8221;0&#8243; shift_y_down=&#8221;0&#8243; z_index=&#8221;0&#8243; medium_width=&#8221;0&#8243; mobile_width=&#8221;0&#8243; width=&#8221;1\/2&#8243; mobile_height=&#8221;300&#8243; uncode_shortcode_id=&#8221;177746&#8243; back_color_type=&#8221;uncode-palette&#8221;][vc_single_image media=&#8221;159260&#8243; media_width_percent=&#8221;100&#8243; alignment=&#8221;center&#8221; uncode_shortcode_id=&#8221;163007&#8243;][\/vc_column_inner][vc_column_inner column_width_percent=&#8221;65&#8243; position_vertical=&#8221;middle&#8221; gutter_size=&#8221;3&#8243; override_padding=&#8221;yes&#8221; column_padding=&#8221;3&#8243; style=&#8221;dark&#8221; overlay_alpha=&#8221;50&#8243; shift_x=&#8221;0&#8243; shift_y=&#8221;0&#8243; shift_y_down=&#8221;0&#8243; z_index=&#8221;0&#8243; medium_width=&#8221;0&#8243; mobile_width=&#8221;0&#8243; width=&#8221;1\/2&#8243;][vc_custom_heading heading_semantic=&#8221;h1&#8243; text_font=&#8221;font-359101&#8243; text_size=&#8221;h1&#8243; text_align=&#8221;text-left&#8221; uncode_shortcode_id=&#8221;816214&#8243;]Coming soon[\/vc_custom_heading][vc_column_text uncode_shortcode_id=&#8221;100765&#8243;]Ciao! \u00c8 un piacere averti qui. Il mio sito \u00e8 ancora in costruzione, ma posso gi\u00e0 raccontarti qualcosa su di me!<\/p>\n<p>Sono una <i>social media strategist<\/i> e <i>social media manager<\/i>. Mi occupo di analizzare brand e settori di mercato\u00a0per sviluppare strategie di comunicazione efficaci sui social media.<\/p>\n<p>A breve troverai qui tutti i miei servizi. Nel frattempo, se vuoi contattarmi:<\/p>\n<p>+39 334 210 2536 | info@asiamannella.it[\/vc_column_text][\/vc_column_inner][\/vc_row_inner][\/vc_column][\/vc_row]<\/p>\n<\/div>","protected":false},"excerpt":{"rendered":"<p>[vc_row unlock_row_content=&#8221;yes&#8221; row_height_percent=&#8221;100&#8243; override_padding=&#8221;yes&#8221; h_padding=&#8221;0&#8243; top_padding=&#8221;0&#8243; bottom_padding=&#8221;0&#8243; back_color=&#8221;color-wayh&#8221; overlay_alpha=&#8221;50&#8243; equal_height=&#8221;yes&#8221; gutter_size=&#8221;3&#8243; column_width_percent=&#8221;100&#8243; shift_y=&#8221;0&#8243; z_index=&#8221;0&#8243;][vc_column column_width_percent=&#8221;100&#8243; gutter_size=&#8221;3&#8243; expand_height=&#8221;yes&#8221; style=&#8221;dark&#8221; overlay_alpha=&#8221;50&#8243; shift_x=&#8221;0&#8243; [&hellip;]<\/p>\n","protected":false},"author":1,"featured_media":0,"parent":0,"menu_order":0,"comment_status":"closed","ping_status":"closed","template":"","meta":{"footnotes":""},"class_list":["post-159258","page","type-page","status-publish","hentry"],"_links":{"self":[{"href":"https:\/\/www.asiamannella.it\/index.php\/wp-json\/wp\/v2\/pages\/159258","targetHints":{"allow":["GET"]}}],"collection":[{"href":"https:\/\/www.asiamannella.it\/index.php\/wp-json\/wp\/v2\/pages"}],"about":[{"href":"https:\/\/www.asiamannella.it\/index.php\/wp-json\/wp\/v2\/types\/page"}],"author":[{"embeddable":true,"href":"https:\/\/www.asiamannella.it\/index.php\/wp-json\/wp\/v2\/users\/1"}],"replies":[{"embeddable":true,"href":"https:\/\/www.asiamannella.it\/index.php\/wp-json\/wp\/v2\/comments?post=159258"}],"version-history":[{"count":18,"href":"https:\/\/www.asiamannella.it\/index.php\/wp-json\/wp\/v2\/pages\/159258\/revisions"}],"predecessor-version":[{"id":159318,"href":"https:\/\/www.asiamannella.it\/index.php\/wp-json\/wp\/v2\/pages\/159258\/revisions\/159318"}],"wp:attachment":[{"href":"https:\/\/www.asiamannella.it\/index.php\/wp-json\/wp\/v2\/media?parent=159258"}],"curies":[{"name":"wp","href":"https:\/\/api.w.org\/{rel}","templated":true}]}}